{"id":93,"date":"2023-06-08T14:21:10","date_gmt":"2023-06-08T14:21:10","guid":{"rendered":"https:\/\/organic-spanish.com\/?page_id=93"},"modified":"2023-07-24T13:31:52","modified_gmt":"2023-07-24T13:31:52","slug":"opinie","status":"publish","type":"page","link":"https:\/\/organic-spanish.com\/pl\/opinie\/","title":{"rendered":""},"content":{"rendered":"\n<div class=\"wp-block-group alignfull is-style-default has-text-color has-background is-vertical is-content-justification-center is-layout-flex wp-container-core-group-is-layout-2e85f5ab wp-block-group-is-layout-flex\" style=\"border-width:22px;border-radius:0px;color:#ffffff;background-color:#6e9b80;padding-top:29px;padding-right:29px;padding-bottom:29px;padding-left:29px\">\n<h2 class=\"wp-block-heading has-text-align-center\" style=\"font-size:clamp(1.79rem, 1.79rem + ((1vw - 0.2rem) * 1.638), 3.1rem);font-style:normal;font-weight:800\">OPINIE<\/h2>\n<\/div>\n\n\n\n<div class=\"wp-block-group alignwide pb__1 has-global-padding is-layout-constrained wp-block-group-is-layout-constrained\" style=\"margin-top:0;margin-bottom:0;padding-top:var(--wp--preset--spacing--70);padding-bottom:68px\">\n<div class=\"wp-block-columns alignwide is-layout-flex wp-container-core-columns-is-layout-28f84493 wp-block-columns-is-layout-flex\">\n<div class=\"wp-block-column is-layout-flow wp-container-core-column-is-layout-22223934 wp-block-column-is-layout-flow\">\n<h2 class=\"wp-block-heading has-text-align-center has-body-color has-text-color has-large-plus-font-size lemmony-animation\" style=\"margin-top:var(--wp--preset--spacing--10);line-height:1.3;--lemmony-animation-name:lemmonyFadeInUp\"><strong>S\u0141OWA MOICH UCZNI\u00d3W <\/strong><\/h2>\n\n\n\n<div class=\"wp-block-columns is-layout-flex wp-container-core-columns-is-layout-ceb339ea wp-block-columns-is-layout-flex\" style=\"padding-top:var(--wp--preset--spacing--60)\">\n<div class=\"wp-block-column is-layout-flow wp-block-column-is-layout-flow\">\n<div class=\"gutenakitid-df65a4b8-e7cc-4a33-8ccd-498cfbbd302b  wp-block-group is-style-hover-bg has-body-alt-background-color has-background has-tiny-plus-font-size has-global-padding is-layout-constrained wp-container-core-group-is-layout-21d5ddf1 wp-block-group-is-layout-constrained\" style=\"border-radius:15px;padding-top:var(--wp--preset--spacing--30);padding-right:var(--wp--preset--spacing--30);padding-bottom:var(--wp--preset--spacing--30);padding-left:var(--wp--preset--spacing--30)\">\n<div class=\"wp-block-columns is-not-stacked-on-mobile is-layout-flex wp-container-core-columns-is-layout-87beb0d0 wp-block-columns-is-layout-flex\">\n<div class=\"wp-block-column is-layout-flow wp-container-core-column-is-layout-8a368f38 wp-block-column-is-layout-flow\" style=\"flex-basis:66.66%\">\n<h3 class=\"wp-block-heading has-small-plus-font-size\" style=\"line-height:1.6\">Natalia<\/h3>\n<\/div>\n<\/div>\n\n\n\n<p class=\"has-tiny-plus-font-size\">Nauk\u0119 hiszpa\u0144skiego z Kasi\u0105 zacz\u0119\u0142am od podstaw, b\u0119d\u0105c ju\u017c po 30-tce. Moim celem by\u0142o opanowa\u0107 j\u0119zyk na tyle, aby swobodnie porozumiewa\u0107 si\u0119 podczas podr\u00f3\u017cy po krajach hiszpa\u0144skoj\u0119zycznych. Dzi\u0119ki jej kreatywnemu podej\u015bciu i niestandardowym metodom nauczania, m.in. mapie emocji czy storytellingu, ju\u017c po oko\u0142o 80 godzinach nauki osi\u0105gn\u0119\u0142am ten cel. Wsp\u00f3\u0142prac\u0119 z Kasi\u0105 ceni\u0119 r\u00f3wnie\u017c za osobiste podej\u015bcie w doborze temat\u00f3w zaj\u0119\u0107 oraz jej zaanga\u017cowanie w ci\u0105g\u0142e doskonalenie si\u0119 i poznawanie nowych narz\u0119dzi, kt\u00f3re p\u00f3\u017aniej wykorzystuje podczas lekcji. Polecam z ca\u0142ego serca.<\/p>\n<\/div>\n<\/div>\n\n\n\n<div class=\"wp-block-column is-layout-flow wp-block-column-is-layout-flow\">\n<div class=\"gutenakitid-70670030-8a00-4b43-8206-324036d0d143  wp-block-group is-style-hover-bg has-background has-global-padding is-layout-constrained wp-container-core-group-is-layout-21d5ddf1 wp-block-group-is-layout-constrained\" style=\"border-radius:15px;background-color:#f0e6e4;padding-top:var(--wp--preset--spacing--30);padding-right:var(--wp--preset--spacing--30);padding-bottom:var(--wp--preset--spacing--30);padding-left:var(--wp--preset--spacing--30)\">\n<div class=\"wp-block-columns is-not-stacked-on-mobile is-layout-flex wp-container-core-columns-is-layout-4fa2f3cb wp-block-columns-is-layout-flex\" style=\"margin-bottom:0px\">\n<div class=\"wp-block-column is-layout-flow wp-container-core-column-is-layout-8a368f38 wp-block-column-is-layout-flow\" style=\"flex-basis:66.66%\">\n<h3 class=\"wp-block-heading has-small-plus-font-size\" style=\"line-height:1.6\">Kasia<\/h3>\n<\/div>\n<\/div>\n\n\n\n<p class=\"has-tiny-plus-font-size\"><strong>Nauka j\u0119zyka nigdy nie by\u0142a tak\u0105 przyjemno\u015bci\u0105!<\/strong><\/p>\n\n\n\n<p class=\"has-tiny-plus-font-size\">Na zaj\u0119cia do Kasi zapisa\u0142am si\u0119 1,5 roku temu, aby podtrzyma\u0107 znajomo\u015b\u0107 j\u0119zyka i podbudowa\u0107 pewno\u015b\u0107 siebie w m\u00f3wieniu. Nie spodziewa\u0142am si\u0119, \u017ce opr\u00f3cz obranego celu, uda mi si\u0119 tak\u017ce zawrze\u0107 cudown\u0105 znajomo\u015b\u0107! Zaj\u0119cia z Kasi\u0105 to czysta przyjemno\u015b\u0107 &#8211; zawsze doskonale przygotowana, zara\u017ca pozytywn\u0105 energi\u0105 i zajawk\u0105 do hiszpa\u0144skiego. Ogromnym plusem jest to, \u017ce zaj\u0119cia s\u0105 dostosowane i spersonalizowane pod osob\u0119. Poruszane tematy czy nawet tempo przechodzenia przez kolejne zagadnienia &#8211; wszystko tak, aby ucz\u0105cemu si\u0119 by\u0142o mi\u0142o, przyjemnie i inspiruj\u0105co! Profesjonalizm, indywidualne podej\u015bcie i kreatywno\u015b\u0107 &#8211; tak mo\u017cna okre\u015bli\u0107 prac\u0119 i podej\u015bcie Kasi do uczni\u00f3w. <\/p>\n<\/div>\n<\/div>\n\n\n\n<div class=\"wp-block-column is-layout-flow wp-block-column-is-layout-flow\">\n<div class=\"gutenakitid-808b9dde-9c03-4db8-a59b-ede142aeaa4d  wp-block-group is-style-hover-bg has-tiny-plus-font-size has-global-padding is-layout-constrained wp-container-core-group-is-layout-21d5ddf1 wp-block-group-is-layout-constrained\" style=\"border-radius:15px;padding-top:var(--wp--preset--spacing--30);padding-right:var(--wp--preset--spacing--30);padding-bottom:var(--wp--preset--spacing--30);padding-left:var(--wp--preset--spacing--30)\">\n<div class=\"wp-block-columns is-not-stacked-on-mobile is-layout-flex wp-container-core-columns-is-layout-87beb0d0 wp-block-columns-is-layout-flex\">\n<div class=\"wp-block-column is-layout-flow wp-container-core-column-is-layout-8a368f38 wp-block-column-is-layout-flow\" style=\"flex-basis:66.66%\">\n<h3 class=\"wp-block-heading has-small-plus-font-size\" style=\"line-height:1.6\">Ksenia<\/h3>\n<\/div>\n<\/div>\n\n\n\n<p class=\"has-tiny-plus-font-size\">Jestem osob\u0105, kt\u00f3ra zawsze czuje blokad\u0119 przed m\u00f3wieniem w obcym j\u0119zyku, przez co system szkolnego nauczania nie przynosi\u0142 mi du\u017cego progresu. Nauka z Kasi\u0105 jest zupe\u0142nie inna, to nie jest standardowe wkuwanie s\u0142\u00f3wek, tego j\u0119zyka naprawd\u0119 przyjemnie si\u0119 uczy i przede wszystkim czuj\u0119, \u017ce nie boj\u0119 si\u0119 m\u00f3wi\u0107! \ud83d\ude42&nbsp;<\/p>\n<\/div>\n<\/div>\n<\/div>\n<\/div>\n<\/div>\n<\/div>\n\n\n\n<div class=\"wp-block-group alignwide has-global-padding is-layout-constrained wp-block-group-is-layout-constrained\" style=\"margin-top:0;margin-bottom:0;padding-top:0;padding-bottom:68px\">\n<div class=\"wp-block-columns alignwide is-layout-flex wp-container-core-columns-is-layout-28f84493 wp-block-columns-is-layout-flex\">\n<div class=\"wp-block-column is-layout-flow wp-container-core-column-is-layout-22223934 wp-block-column-is-layout-flow\">\n<div class=\"wp-block-columns is-layout-flex wp-container-core-columns-is-layout-e79a657b wp-block-columns-is-layout-flex\" style=\"padding-top:0\">\n<div class=\"wp-block-column is-layout-flow wp-block-column-is-layout-flow\">\n<div class=\"gutenakitid-bd102081-0e54-44bf-9087-01d9820f336e  wp-block-group is-style-hover-bg has-background has-tiny-plus-font-size has-global-padding is-layout-constrained wp-container-core-group-is-layout-21d5ddf1 wp-block-group-is-layout-constrained\" style=\"border-radius:15px;background-color:#acc4a7;padding-top:var(--wp--preset--spacing--30);padding-right:var(--wp--preset--spacing--30);padding-bottom:var(--wp--preset--spacing--30);padding-left:var(--wp--preset--spacing--30)\">\n<div class=\"wp-block-columns is-not-stacked-on-mobile is-layout-flex wp-container-core-columns-is-layout-87beb0d0 wp-block-columns-is-layout-flex\">\n<div class=\"wp-block-column is-layout-flow wp-container-core-column-is-layout-8a368f38 wp-block-column-is-layout-flow\" style=\"flex-basis:66.66%\">\n<h3 class=\"wp-block-heading has-small-plus-font-size\" style=\"line-height:1.6\">Kinga<\/h3>\n<\/div>\n<\/div>\n\n\n\n<p class=\"has-tiny-plus-font-size\">Polecam zaj\u0119cia z Kasi\u0105! To, co najbardziej ceni\u0119 w nauce z ni\u0105 to INDYWIDUALNE PODEJ\u015aCIE. Kasia na bie\u017c\u0105co wy\u0142apuje co sprawia mi trudno\u015bci i szybko si\u0119 z tymi trudno\u015bciami rozprawia. &nbsp;Nasze zaj\u0119cia zdaj\u0105 si\u0119 ju\u017c nie by\u0107 tylko lekcjami, ale te\u017c cotygodniowymi spotkaniami przy herbacie&nbsp;i rozmowami z dobr\u0105 znajom\u0105, z t\u0105 r\u00f3\u017cnic\u0105, \u017ce po hiszpa\u0144sku \ud83d\ude42<\/p>\n<\/div>\n<\/div>\n\n\n\n<div class=\"wp-block-column is-layout-flow wp-block-column-is-layout-flow\">\n<div class=\"gutenakitid-3ae0ea60-ea5d-41ea-a10b-ae2ba7659010  wp-block-group is-style-hover-bg has-background-background-color has-background has-global-padding is-layout-constrained wp-container-core-group-is-layout-21d5ddf1 wp-block-group-is-layout-constrained\" style=\"border-radius:15px;padding-top:var(--wp--preset--spacing--30);padding-right:var(--wp--preset--spacing--30);padding-bottom:var(--wp--preset--spacing--30);padding-left:var(--wp--preset--spacing--30)\">\n<div class=\"wp-block-columns is-not-stacked-on-mobile is-layout-flex wp-container-core-columns-is-layout-4fa2f3cb wp-block-columns-is-layout-flex\" style=\"margin-bottom:0px\">\n<div class=\"wp-block-column is-layout-flow wp-container-core-column-is-layout-8a368f38 wp-block-column-is-layout-flow\" style=\"flex-basis:66.66%\">\n<h3 class=\"wp-block-heading has-small-plus-font-size\" style=\"line-height:1.6\">Weronika<\/h3>\n<\/div>\n<\/div>\n\n\n\n<p class=\"has-tiny-plus-font-size\">Ucz\u0119 si\u0119 hiszpa\u0144skiego z Kasi\u0105 od oko\u0142o 2 miesi\u0119cy i zaj\u0119cia bardzo mi si\u0119 podobaj\u0105. Kasia ma du\u017c\u0105 wiedz\u0119 i opowiada interesuj\u0105ce ciekawostki j\u0119zykowe. Jej przyk\u0142ad pokazuje, \u017ce przy odpowiednim wysi\u0142ku mo\u017cna nauczy\u0107 si\u0119 m\u00f3wi\u0107 i pracowa\u0107 p\u0142ynnie w j\u0119zyku hiszpa\u0144skim, co motywuje mnie do dzia\u0142ania. Serdecznie polecam! \ud83d\ude42<\/p>\n<\/div>\n<\/div>\n\n\n\n<div class=\"wp-block-column is-layout-flow wp-block-column-is-layout-flow\">\n<div class=\"gutenakitid-16c28be7-f3a1-4c2c-b0e1-74f96293158e  wp-block-group is-style-hover-bg has-tiny-plus-font-size has-global-padding is-layout-constrained wp-container-core-group-is-layout-21d5ddf1 wp-block-group-is-layout-constrained\" style=\"border-radius:15px;padding-top:var(--wp--preset--spacing--30);padding-right:var(--wp--preset--spacing--30);padding-bottom:var(--wp--preset--spacing--30);padding-left:var(--wp--preset--spacing--30)\">\n<div class=\"wp-block-columns is-not-stacked-on-mobile is-layout-flex wp-container-core-columns-is-layout-87beb0d0 wp-block-columns-is-layout-flex\">\n<div class=\"wp-block-column is-layout-flow wp-container-core-column-is-layout-8a368f38 wp-block-column-is-layout-flow\" style=\"flex-basis:66.66%\">\n<h3 class=\"wp-block-heading has-small-plus-font-size\" style=\"line-height:1.6\">Angelina<\/h3>\n<\/div>\n<\/div>\n\n\n\n<p class=\"has-tiny-plus-font-size\">Z tygodnia na tydzie\u0144 nie mog\u0119 doczeka\u0107 si\u0119 zaj\u0119\u0107 z Kasi\u0105, napawaj\u0105 mnie mn\u00f3stwem energii, rado\u015bci i motywacji!&nbsp; Na lekcjach w og\u00f3le nie czuj\u0119 bariery j\u0119zykowej \ud83d\ude42 Jedyne czego mi brakuje na lekcjach..to czasu! Najlepiej gdyby lekcja trwa\u0142a 2x d\u0142u\u017cej, bo tak \u015bwietnie mija czas. A najwa\u017cniejsze jest to, \u017ce naprawd\u0119 czuj\u0119 progres i motywacja tylko ro\u015bnie \ud83d\ude42<\/p>\n<\/div>\n<\/div>\n<\/div>\n<\/div>\n<\/div>\n<\/div>\n\n\n\n<div class=\"wp-block-group alignwide has-global-padding is-layout-constrained wp-block-group-is-layout-constrained\" style=\"margin-top:0;margin-bottom:0;padding-top:0;padding-bottom:160px\">\n<div class=\"wp-block-columns alignwide is-layout-flex wp-container-core-columns-is-layout-28f84493 wp-block-columns-is-layout-flex\">\n<div class=\"wp-block-column is-layout-flow wp-container-core-column-is-layout-22223934 wp-block-column-is-layout-flow\">\n<div class=\"wp-block-columns is-layout-flex wp-container-core-columns-is-layout-e79a657b wp-block-columns-is-layout-flex\" style=\"padding-top:0\">\n<div class=\"wp-block-column is-layout-flow wp-block-column-is-layout-flow\">\n<div class=\"gutenakitid-e424523f-6dcc-460a-91e4-bac0bfe1645f  wp-block-group is-style-hover-bg has-body-alt-background-color has-background has-tiny-plus-font-size has-global-padding is-layout-constrained wp-container-core-group-is-layout-21d5ddf1 wp-block-group-is-layout-constrained\" style=\"border-radius:15px;padding-top:var(--wp--preset--spacing--30);padding-right:var(--wp--preset--spacing--30);padding-bottom:var(--wp--preset--spacing--30);padding-left:var(--wp--preset--spacing--30)\">\n<div class=\"wp-block-columns is-not-stacked-on-mobile is-layout-flex wp-container-core-columns-is-layout-87beb0d0 wp-block-columns-is-layout-flex\">\n<div class=\"wp-block-column is-layout-flow wp-container-core-column-is-layout-8a368f38 wp-block-column-is-layout-flow\" style=\"flex-basis:66.66%\">\n<h3 class=\"wp-block-heading has-small-plus-font-size\" style=\"line-height:1.6\">Klaudia<\/h3>\n<\/div>\n<\/div>\n\n\n\n<p class=\"has-tiny-plus-font-size\">Zaanga\u017cowanie oraz otwarto\u015b\u0107 na potrzeby ucznia &#8211; to dwie cechy, kt\u00f3re sprawiaj\u0105, \u017ce Kasia jest \u015bwietn\u0105 nauczycielk\u0105 j\u0119zyka hiszpa\u0144skiego. Cechy naszych zaj\u0119\u0107, kt\u00f3re bardzo doceniam to: <strong>j\u0119zyk to narz\u0119dzie, kt\u00f3re nam s\u0142u\u017cy<\/strong>. Nie musimy czeka\u0107 na lekcj\u0119 pt. &#8222;zaj\u0119cia sportowe&#8221;, aby powiedzie\u0107, \u017ce po pracy gramy w siatk\u00f3wk\u0119. Od pocz\u0105tku korzystamy ze s\u0142ownictwa, kt\u00f3re przydaje si\u0119 na co dzie\u0144. <strong>Atmosfera<\/strong> &#8211; jest swobodnie i sympatycznie. Nie przychodzimy na zaj\u0119cia, aby ku\u0107 gramatyk\u0119, czy s\u0142ownictwo tematyczne. <strong>Raczej bawimy si\u0119 j\u0119zykiem i korzystamy z niego<\/strong>.To bardzo wa\u017cne, w szczeg\u00f3lno\u015bci, gdy kto\u015b nie ma okazji obcowa\u0107 z hiszpa\u0144skim na co dzie\u0144.<\/p>\n<\/div>\n<\/div>\n\n\n\n<div class=\"wp-block-column is-layout-flow wp-block-column-is-layout-flow\">\n<div class=\"gutenakitid-0091cadf-e87d-4e88-b2b4-80d96b510f29  wp-block-group is-style-hover-bg has-background has-global-padding is-layout-constrained wp-container-core-group-is-layout-21d5ddf1 wp-block-group-is-layout-constrained\" style=\"border-radius:15px;background-color:#fbf7ec;padding-top:var(--wp--preset--spacing--30);padding-right:var(--wp--preset--spacing--30);padding-bottom:var(--wp--preset--spacing--30);padding-left:var(--wp--preset--spacing--30)\">\n<div class=\"wp-block-columns is-not-stacked-on-mobile is-layout-flex wp-container-core-columns-is-layout-4fa2f3cb wp-block-columns-is-layout-flex\" style=\"margin-bottom:0px\">\n<div class=\"wp-block-column is-layout-flow wp-container-core-column-is-layout-8a368f38 wp-block-column-is-layout-flow\" style=\"flex-basis:66.66%\">\n<h3 class=\"wp-block-heading has-small-plus-font-size\" style=\"line-height:1.6\">Natalia<\/h3>\n<\/div>\n<\/div>\n\n\n\n<p class=\"has-tiny-plus-font-size\"><strong>Zaj\u0119cia z hiszpa\u0144skiego s\u0105 rewelacyjne!<\/strong> Podej\u015bcie do nauczania sprawia, \u017ce nauka staje si\u0119 przyjemno\u015bci\u0105. Na zaj\u0119ciach panuje niesamowicie mi\u0142a atmosfera, kt\u00f3ra zach\u0119ca do aktywnego uczestnictwa. Metody nauczania s\u0105 innowacyjne i wymagaj\u0105 pe\u0142nego zaanga\u017cowania. Wykorzystanie r\u00f3\u017cnorodnych, interaktywnych \u0107wicze\u0144, ciekawych materia\u0142\u00f3w oraz temat\u00f3w &#8222;z \u017cycia&#8221;, sprawia, \u017ce lekcje s\u0105 dynamiczne i ciekawe. Ciesz\u0119 si\u0119, \u017ce nie ma miejsca na nud\u0119! Kasia potrafi zainteresowa\u0107 nas j\u0119zykiem hiszpa\u0144skim w spos\u00f3b, kt\u00f3ry sprawia, \u017ce chce si\u0119 uczy\u0107 coraz wi\u0119cej. Wszystkie zagadnienia wyja\u015bnia jasno i cierpliwie, a indywidualne podej\u015bcie do uczni\u00f3w pozwala na swobod\u0119 w pos\u0142ugiwaniu si\u0119 j\u0119zykiem. \u00a1Merece la pena!<\/p>\n<\/div>\n<\/div>\n\n\n\n<div class=\"wp-block-column is-layout-flow wp-block-column-is-layout-flow\">\n<div class=\"gutenakitid-7cc58971-0ab2-4e93-8adf-ab103beafaf6  wp-block-group is-style-hover-bg has-tiny-plus-font-size has-global-padding is-layout-constrained wp-container-core-group-is-layout-21d5ddf1 wp-block-group-is-layout-constrained\" style=\"border-radius:15px;padding-top:var(--wp--preset--spacing--30);padding-right:var(--wp--preset--spacing--30);padding-bottom:var(--wp--preset--spacing--30);padding-left:var(--wp--preset--spacing--30)\">\n<div class=\"wp-block-columns is-not-stacked-on-mobile is-layout-flex wp-container-core-columns-is-layout-87beb0d0 wp-block-columns-is-layout-flex\">\n<div class=\"wp-block-column is-layout-flow wp-container-core-column-is-layout-8a368f38 wp-block-column-is-layout-flow\" style=\"flex-basis:66.66%\">\n<h3 class=\"wp-block-heading has-small-plus-font-size\" style=\"line-height:1.6\">Magda <\/h3>\n<\/div>\n<\/div>\n\n\n\n<p class=\"has-tiny-plus-font-size\">Bardzo polecam zaj\u0119cia z Kasi\u0105! Nie ma mowy o nudzie, zaj\u0119cia s\u0105 bardzo atrakcyjne, bez presji i stresu, ale te\u017c merytoryczne \u2014 tak\u017ce najlepsze po\u0142\u0105czenie. Osobi\u015bcie bardzo odpowiada mi metoda jej pracy, nauczy\u0142am si\u0119 du\u017co wi\u0119cej ni\u017c typowo z&nbsp;podr\u0119cznik\u00f3w \u2013 przede wszystkim je\u015bli chodzi o prze\u0142amywanie bariery w m\u00f3wieniu.<\/p>\n<\/div>\n<\/div>\n<\/div>\n<\/div>\n<\/div>\n<\/div>\n","protected":false},"excerpt":{"rendered":"<p>OPINIE S\u0141OWA MOICH UCZNI\u00d3W Natalia Nauk\u0119 hiszpa\u0144skiego z Kasi\u0105 zacz\u0119\u0142am od podstaw, b\u0119d\u0105c ju\u017c po 30-tce. Moim celem by\u0142o opanowa\u0107 j\u0119zyk na tyle, aby swobodnie porozumiewa\u0107 si\u0119 podczas podr\u00f3\u017cy po krajach hiszpa\u0144skoj\u0119zycznych. Dzi\u0119ki jej kreatywnemu podej\u015bciu i niestandardowym metodom nauczania, m.in. mapie emocji czy storytellingu, ju\u017c po oko\u0142o 80 godzinach nauki osi\u0105gn\u0119\u0142am ten cel. Wsp\u00f3\u0142prac\u0119 [&hellip;]<\/p>\n","protected":false},"author":1,"featured_media":0,"parent":0,"menu_order":0,"comment_status":"closed","ping_status":"closed","template":"","meta":{"_eb_attr":"","_themeisle_gutenberg_block_has_review":false,"footnotes":""},"class_list":["post-93","page","type-page","status-publish","hentry"],"_links":{"self":[{"href":"https:\/\/organic-spanish.com\/pl\/wp-json\/wp\/v2\/pages\/93","targetHints":{"allow":["GET"]}}],"collection":[{"href":"https:\/\/organic-spanish.com\/pl\/wp-json\/wp\/v2\/pages"}],"about":[{"href":"https:\/\/organic-spanish.com\/pl\/wp-json\/wp\/v2\/types\/page"}],"author":[{"embeddable":true,"href":"https:\/\/organic-spanish.com\/pl\/wp-json\/wp\/v2\/users\/1"}],"replies":[{"embeddable":true,"href":"https:\/\/organic-spanish.com\/pl\/wp-json\/wp\/v2\/comments?post=93"}],"version-history":[{"count":51,"href":"https:\/\/organic-spanish.com\/pl\/wp-json\/wp\/v2\/pages\/93\/revisions"}],"predecessor-version":[{"id":611,"href":"https:\/\/organic-spanish.com\/pl\/wp-json\/wp\/v2\/pages\/93\/revisions\/611"}],"wp:attachment":[{"href":"https:\/\/organic-spanish.com\/pl\/wp-json\/wp\/v2\/media?parent=93"}],"curies":[{"name":"wp","href":"https:\/\/api.w.org\/{rel}","templated":true}]}}