{"id":332,"date":"2023-07-06T11:35:43","date_gmt":"2023-07-06T11:35:43","guid":{"rendered":"https:\/\/organic-spanish.com\/?page_id=332"},"modified":"2024-05-02T12:19:06","modified_gmt":"2024-05-02T12:19:06","slug":"faq","status":"publish","type":"page","link":"https:\/\/organic-spanish.com\/pl\/faq\/","title":{"rendered":""},"content":{"rendered":"\n<div class=\"wp-block-group alignfull has-text-color has-background pb__11 pr__8 is-layout-flow wp-container-core-group-is-layout-a1196e9b wp-block-group-is-layout-flow\" style=\"color:#ffffff;background-color:#6e9b80;padding-top:0px;padding-right:0px;padding-bottom:0px;padding-left:0px\">\n<h2 class=\"wp-block-heading has-text-align-center\" style=\"font-size:clamp(3.195rem, 3.195rem + ((1vw - 0.2rem) * 4.006), 6.4rem);font-style:normal;font-weight:800\">FAQ<\/h2>\n<\/div>\n\n\n\n<div style=\"margin-top:0;margin-bottom:0;height:50px\" aria-hidden=\"true\" class=\"wp-block-spacer pt__5 pb__6 pl__3 pr__4\"><\/div>\n\n\n\n<h2 id=\"wp-block-themeisle-blocks-advanced-heading-140516dd\" class=\"wp-block-themeisle-blocks-advanced-heading wp-block-themeisle-blocks-advanced-heading-140516dd\">Przyswajanie j\u0119zyka<\/h2>\n\n\n\n<div class=\"wp-block-group alignwide has-global-padding is-layout-constrained wp-container-core-group-is-layout-cb7db7bf wp-block-group-is-layout-constrained\" style=\"padding-top:0;padding-right:0px;padding-bottom:var(--wp--preset--spacing--60);padding-left:0px\">\n<div id=\"wp-block-themeisle-blocks-accordion-dcffec32\" class=\"wp-block-themeisle-blocks-accordion exclusive\">\n<details class=\"wp-block-themeisle-blocks-accordion-item\"><summary class=\"wp-block-themeisle-blocks-accordion-item__title\"><div>Jak to dzia\u0142a?<\/div><\/summary><div class=\"wp-block-themeisle-blocks-accordion-item__content\">\n<p class=\"has-text-align-left\"> Ju\u017c od pierwszych zaj\u0119\u0107 nast\u0119puje zanurzenie w j\u0119zyku. S\u0142yszysz nowy j\u0119zyk i dzi\u0119ki odpowiednim dzia\u0142aniom nauczyciela rozumiesz to, co s\u0142yszysz. Gdy rozumiesz to, co s\u0142yszysz, m\u00f3zg automatycznie rozszyfrowuje nowy j\u0119zyk i przyswaja nowe struktury i s\u0142owa. Jest to proces podobny do tego, jak naby\u0142a\u015b\/e\u015b Tw\u00f3j j\u0119zyk ojczysty. <\/p>\n<\/div><\/details>\n\n\n\n<details class=\"wp-block-themeisle-blocks-accordion-item\"><summary class=\"wp-block-themeisle-blocks-accordion-item__title\"><div>Czy tylko s\u0142ucham j\u0119zyka? <\/div><\/summary><div class=\"wp-block-themeisle-blocks-accordion-item__content\">\n<p>Nie, absolutnie nie.&nbsp;<\/p>\n\n\n\n<p>Przyswajanie j\u0119zyka nie jest pasywne, interakcja jest kluczowym elementem.&nbsp;Od pierwszych zaj\u0119\u0107 nauczyciel tworzy optymalne warunki do interakcji z j\u0119zykiem.<\/p>\n\n\n\n<p>Na pocz\u0105tku uczestniczysz w zaj\u0119ciach, u\u017cywaj\u0105c prostych s\u0142\u00f3w, takich jak &#8222;tak&#8221; lub &#8222;nie&#8221;, czy te\u017c kr\u00f3tkich zda\u0144. Nie ma presji, by m\u00f3wi\u0107 pe\u0142nymi zdaniami oraz u\u017cywa\u0107 j\u0119zyka w stopniu, na kt\u00f3ry nie jeste\u015b jeszcze gotowy.&nbsp;Z czasem b\u0119dziesz rozumie\u0107 coraz wi\u0119cej i m\u00f3wi\u0107 coraz p\u0142ynniej, co umo\u017cliwi bogatsz\u0105 interakcj\u0119. <\/p>\n<\/div><\/details>\n\n\n\n<details class=\"wp-block-themeisle-blocks-accordion-item\"><summary class=\"wp-block-themeisle-blocks-accordion-item__title\"><div>Co z m\u00f3wieniem?<\/div><\/summary><div class=\"wp-block-themeisle-blocks-accordion-item__content\">\n<p>M\u00f3wienie jest efektem rozumienia i przychodzi p\u00f3\u017aniej. Nie mo\u017cemy odwr\u00f3ci\u0107 tej kolejno\u015bci.&nbsp; Im wi\u0119ksza mentalna mapa  j\u0119zyka, tym wi\u0119ksze mo\u017cliwo\u015bci ekspresji i komunikacji w tym j\u0119zyku.&nbsp;<\/p>\n\n\n\n<p>Nie jest to kr\u00f3tki proces i nie ma drogi na skr\u00f3ty, co \u0142atwo potwierdzi\u0107 przyk\u0142adami, w kt\u00f3rych jeste\u015bmy w stanie uzupe\u0142ni\u0107 tabel\u0119 odmian\u0105 danego czasownika, bo nauczyli\u015bmy si\u0119 go na pami\u0119\u0107, ale w rozmowie nie potrafimy go u\u017cy\u0107.<\/p>\n<\/div><\/details>\n\n\n\n<details class=\"wp-block-themeisle-blocks-accordion-item\"><summary class=\"wp-block-themeisle-blocks-accordion-item__title\"><div>Dlaczego &#8222;Espa\u00f1ol Org\u00e1nico&#8221;?<\/div><\/summary><div class=\"wp-block-themeisle-blocks-accordion-item__content\">\n<p><strong>Espa\u00f1ol Org\u00e1nico<\/strong> (Organiczny Hiszpa\u0144ski) nawi\u0105zuje do metody, kt\u00f3r\u0105 stosuj\u0119 w nauczaniu j\u0119zyka hiszpa\u0144skiego. Przyswajanie j\u0119zyka jest <strong>naturalne<\/strong> czy te\u017c po prostu <strong>organiczne<\/strong>.<\/p>\n\n\n\n<p>Je\u015bli chcesz dowiedzie\u0107 si\u0119 wi\u0119cej o przyswajaniu j\u0119zyka, <strong><span style=\"text-decoration: underline;\"><a href=\"https:\/\/organic-spanish.com\/metoda\/\">kliknij tutaj.<\/a><\/span><\/strong><\/p>\n\n\n\n<p>Moj\u0105 misj\u0105 jest szerzenie wiedzy i \u015bwiadomo\u015bci na temat przyswajania j\u0119zyka, aby coraz wi\u0119cej z nas mog\u0142o osi\u0105gn\u0105\u0107 swoje cele i marzenia j\u0119zykowe.<\/p>\n<\/div><\/details>\n\n\n\n<details class=\"wp-block-themeisle-blocks-accordion-item\"><summary class=\"wp-block-themeisle-blocks-accordion-item__title\"><div>Jestem zainteresowany\/a tematem, gdzie mog\u0119 znale\u017a\u0107 wi\u0119cej informacji?<\/div><\/summary><div class=\"wp-block-themeisle-blocks-accordion-item__content\">\n<ul class=\"wp-block-list\">\n<li>Aby zrozumie\u0107 podstawowe r\u00f3\u017cnice mi\u0119dzy tradycyjnym modelem nauki j\u0119zyka a jego przyswajaniem, polecam ksi\u0105\u017ck\u0119 Billa VanPattena <a href=\"https:\/\/www.amazon.com\/While-Were-Topic-Acquisition-Classroom\/dp\/194254457X\"><strong><span style=\"text-decoration: underline;\">&#8222;While We&#8217; re On The Topic&#8221;. <\/span><\/strong><\/a><\/li>\n\n\n\n<li><strong><span style=\"text-decoration: underline;\"><a href=\"https:\/\/www.tprsbooks.com\/what-is-tprs\/\">Tutaj<\/a><\/span><\/strong> wi\u0119cej o <strong>TPRS (Teaching Proficiency Through Reading and Storytelling)<\/strong>.<\/li>\n\n\n\n<li><strong><span style=\"text-decoration: underline;\"><a href=\"https:\/\/www.beniko-mason.net\/content\/articles\/2022-foundations-for-story-listening-some-basics.pdf\">Tutaj<\/a><\/span><\/strong> wi\u0119cej o <strong>Story &#8211; Listening<\/strong>. <\/li>\n\n\n\n<li>Polecam wszystkim, a przede wszystkim nauczycielom, przeczytanie ksi\u0105\u017cek Stephena Krashena, szczeg\u00f3lnie <strong><span style=\"text-decoration: underline;\"><a href=\"https:\/\/www.sdkrashen.com\/content\/books\/the_natural_approach.pdf\">&#8222;The Natural Approach&#8221;<\/a><\/span><\/strong>. Polecam r\u00f3wnie\u017c jego artyku\u0142y, dost\u0119pne <strong><span style=\"text-decoration: underline;\"><a href=\"https:\/\/www.sdkrashen.com\/\">tutaj.<\/a><\/span><\/strong><\/li>\n<\/ul>\n<\/div><\/details>\n<\/div>\n\n\n\n<p><\/p>\n<\/div>\n\n\n\n<h2 id=\"wp-block-themeisle-blocks-advanced-heading-6349aa0c\" class=\"wp-block-themeisle-blocks-advanced-heading wp-block-themeisle-blocks-advanced-heading-6349aa0c\">Zaj\u0119cia<\/h2>\n\n\n\n<div id=\"wp-block-themeisle-blocks-accordion-c32fa71c\" class=\"wp-block-themeisle-blocks-accordion exclusive\">\n<details class=\"wp-block-themeisle-blocks-accordion-item\"><summary class=\"wp-block-themeisle-blocks-accordion-item__title\"><div>Jak zapisa\u0107 si\u0119 na zaj\u0119cia?<\/div><\/summary><div class=\"wp-block-themeisle-blocks-accordion-item__content\">\n<p>Napisz do mnie przez <span style=\"text-decoration: underline;\"><strong><a href=\"http:\/\/kontakt\">formularz na stronie,<\/a><\/strong><\/span> wy\u015blij mi <strong>e-mail<\/strong> lub wiadomo\u015b\u0107 przez WhatsApp. \ud83d\ude42 <\/p>\n\n\n\n<div class=\"wp-block-buttons is-layout-flex wp-block-buttons-is-layout-flex\">\n<div class=\"wp-block-button\"><a class=\"wp-block-button__link wp-element-button\" href=\"kontakt\">KONTAKT<\/a><\/div>\n<\/div>\n<\/div><\/details>\n\n\n\n<details class=\"wp-block-themeisle-blocks-accordion-item\"><summary class=\"wp-block-themeisle-blocks-accordion-item__title\"><div>W jaki spos\u00f3b odbywaj\u0105 si\u0119 zaj\u0119cia?<\/div><\/summary><div class=\"wp-block-themeisle-blocks-accordion-item__content\">\n<p>Zaj\u0119cia odbywaj\u0105 si\u0119 <strong>online<\/strong> na platformie Zoom.<\/p>\n<\/div><\/details>\n\n\n\n<details class=\"wp-block-themeisle-blocks-accordion-item\"><summary class=\"wp-block-themeisle-blocks-accordion-item__title\"><div>Ile trwa kurs? <\/div><\/summary><div class=\"wp-block-themeisle-blocks-accordion-item__content\">\n<ul class=\"wp-block-list\">\n<li>Zaj\u0119cia 1:1 &#8211; wsp\u00f3lnie ustalamy plan dzia\u0142ania dostosowany do Twoich potrzeb. <\/li>\n\n\n\n<li>Zaj\u0119cia w parach &#8211; wsp\u00f3lnie ustalamy plan dzia\u0142ania dostosowany do Waszych potrzeb. <\/li>\n\n\n\n<li>Zaj\u0119cia grupowe &#8211; zale\u017cy od kursu. Aby dowiedzie\u0107 si\u0119 wi\u0119cej, <strong><span style=\"text-decoration: underline;\"><a href=\"http:\/\/kontakt\">napisz do mnie. <\/a><\/span><\/strong><\/li>\n<\/ul>\n<\/div><\/details>\n\n\n\n<details class=\"wp-block-themeisle-blocks-accordion-item\"><summary class=\"wp-block-themeisle-blocks-accordion-item__title\"><div>Jakie formy p\u0142atno\u015bci akceptujesz?<\/div><\/summary><div class=\"wp-block-themeisle-blocks-accordion-item__content\">\n<p>Przelew na polskie lub hiszpa\u0144skie konto bankowe oraz BLIK\/ BIZUM. <\/p>\n<\/div><\/details>\n<\/div>\n","protected":false},"excerpt":{"rendered":"<p>FAQ<\/p>\n","protected":false},"author":1,"featured_media":0,"parent":0,"menu_order":0,"comment_status":"closed","ping_status":"closed","template":"","meta":{"_eb_attr":"","_themeisle_gutenberg_block_has_review":false,"footnotes":""},"class_list":["post-332","page","type-page","status-publish","hentry"],"_links":{"self":[{"href":"https:\/\/organic-spanish.com\/pl\/wp-json\/wp\/v2\/pages\/332","targetHints":{"allow":["GET"]}}],"collection":[{"href":"https:\/\/organic-spanish.com\/pl\/wp-json\/wp\/v2\/pages"}],"about":[{"href":"https:\/\/organic-spanish.com\/pl\/wp-json\/wp\/v2\/types\/page"}],"author":[{"embeddable":true,"href":"https:\/\/organic-spanish.com\/pl\/wp-json\/wp\/v2\/users\/1"}],"replies":[{"embeddable":true,"href":"https:\/\/organic-spanish.com\/pl\/wp-json\/wp\/v2\/comments?post=332"}],"version-history":[{"count":18,"href":"https:\/\/organic-spanish.com\/pl\/wp-json\/wp\/v2\/pages\/332\/revisions"}],"predecessor-version":[{"id":689,"href":"https:\/\/organic-spanish.com\/pl\/wp-json\/wp\/v2\/pages\/332\/revisions\/689"}],"wp:attachment":[{"href":"https:\/\/organic-spanish.com\/pl\/wp-json\/wp\/v2\/media?parent=332"}],"curies":[{"name":"wp","href":"https:\/\/api.w.org\/{rel}","templated":true}]}}