{"id":93,"date":"2023-06-08T14:21:10","date_gmt":"2023-06-08T14:21:10","guid":{"rendered":"https:\/\/organic-spanish.com\/?page_id=93"},"modified":"2023-07-24T13:31:52","modified_gmt":"2023-07-24T13:31:52","slug":"opinie","status":"publish","type":"page","link":"https:\/\/organic-spanish.com\/en\/opinie\/","title":{"rendered":""},"content":{"rendered":"<div class=\"wp-block-group alignfull is-style-default has-text-color has-background is-vertical is-content-justification-center is-layout-flex wp-container-core-group-is-layout-2e85f5ab wp-block-group-is-layout-flex\" style=\"border-width:22px;border-radius:0px;color:#ffffff;background-color:#6e9b80;padding-top:29px;padding-right:29px;padding-bottom:29px;padding-left:29px\">\n<h2 class=\"wp-block-heading has-text-align-center\" style=\"font-size:clamp(1.79rem, 1.79rem + ((1vw - 0.2rem) * 1.638), 3.1rem);font-style:normal;font-weight:800\">REVIEWS<\/h2>\n<\/div>\n\n\n\n<div class=\"wp-block-group alignwide pb__1 has-global-padding is-layout-constrained wp-block-group-is-layout-constrained\" style=\"margin-top:0;margin-bottom:0;padding-top:var(--wp--preset--spacing--70);padding-bottom:68px\">\n<div class=\"wp-block-columns alignwide is-layout-flex wp-container-core-columns-is-layout-28f84493 wp-block-columns-is-layout-flex\">\n<div class=\"wp-block-column is-layout-flow wp-container-core-column-is-layout-22223934 wp-block-column-is-layout-flow\">\n<h2 class=\"wp-block-heading has-text-align-center has-body-color has-text-color has-large-plus-font-size lemmony-animation\" style=\"margin-top:var(--wp--preset--spacing--10);line-height:1.3;--lemmony-animation-name:lemmonyFadeInUp\"><strong>THE WORDS OF MY STUDENTS <\/strong><\/h2>\n\n\n\n<div class=\"wp-block-columns is-layout-flex wp-container-core-columns-is-layout-ceb339ea wp-block-columns-is-layout-flex\" style=\"padding-top:var(--wp--preset--spacing--60)\">\n<div class=\"wp-block-column is-layout-flow wp-block-column-is-layout-flow\">\n<div class=\"gutenakitid-df65a4b8-e7cc-4a33-8ccd-498cfbbd302b  wp-block-group is-style-hover-bg has-body-alt-background-color has-background has-tiny-plus-font-size has-global-padding is-layout-constrained wp-container-core-group-is-layout-21d5ddf1 wp-block-group-is-layout-constrained\" style=\"border-radius:15px;padding-top:var(--wp--preset--spacing--30);padding-right:var(--wp--preset--spacing--30);padding-bottom:var(--wp--preset--spacing--30);padding-left:var(--wp--preset--spacing--30)\">\n<div class=\"wp-block-columns is-not-stacked-on-mobile is-layout-flex wp-container-core-columns-is-layout-87beb0d0 wp-block-columns-is-layout-flex\">\n<div class=\"wp-block-column is-layout-flow wp-container-core-column-is-layout-8a368f38 wp-block-column-is-layout-flow\" style=\"flex-basis:66.66%\">\n<h3 class=\"wp-block-heading has-small-plus-font-size\" style=\"line-height:1.6\">Natalia<\/h3>\n<\/div>\n<\/div>\n\n\n\n<p class=\"has-tiny-plus-font-size\">I started learning Spanish with Kasia from the very basics, being in my 30s. My goal was to master the language enough to communicate freely when travelling in Spanish-speaking countries. Thanks to her creative approach and non-standard teaching methods, including an emotion map and storytelling, I achieved this goal after only about 80 hours of learning. I also appreciate working with Kasia for her personal approach in choosing the topics of the classes and her commitment to constantly improving and learning new tools, which she later uses in her lessons. I recommend her wholeheartedly.<\/p>\n<\/div>\n<\/div>\n\n\n\n<div class=\"wp-block-column is-layout-flow wp-block-column-is-layout-flow\">\n<div class=\"gutenakitid-70670030-8a00-4b43-8206-324036d0d143  wp-block-group is-style-hover-bg has-background has-global-padding is-layout-constrained wp-container-core-group-is-layout-21d5ddf1 wp-block-group-is-layout-constrained\" style=\"border-radius:15px;background-color:#f0e6e4;padding-top:var(--wp--preset--spacing--30);padding-right:var(--wp--preset--spacing--30);padding-bottom:var(--wp--preset--spacing--30);padding-left:var(--wp--preset--spacing--30)\">\n<div class=\"wp-block-columns is-not-stacked-on-mobile is-layout-flex wp-container-core-columns-is-layout-4fa2f3cb wp-block-columns-is-layout-flex\" style=\"margin-bottom:0px\">\n<div class=\"wp-block-column is-layout-flow wp-container-core-column-is-layout-8a368f38 wp-block-column-is-layout-flow\" style=\"flex-basis:66.66%\">\n<h3 class=\"wp-block-heading has-small-plus-font-size\" style=\"line-height:1.6\">Kasia<\/h3>\n<\/div>\n<\/div>\n\n\n\n<p class=\"has-tiny-plus-font-size\"><strong>Learning a language has never been such fun!<\/strong><\/p>\n\n\n\n<p class=\"has-tiny-plus-font-size\">I signed up for Kasia's classes 1.5 years ago to maintain my language skills and boost my speaking confidence. What I didn't expect was that in addition to my goal, I would also make a wonderful friend! Classes with Kasia are a pleasure - always perfectly prepared, she is infectious with positive energy and enthusiasm for Spanish. A huge plus is that classes are tailored and personalised to the individual. The topics covered and even the pace at which we move through the topics - everything is tailored to make it fun, enjoyable and inspiring for the student! Professionalism, individual approach and creativity - this is how Kasia's work and approach to her students can be described. <\/p>\n<\/div>\n<\/div>\n\n\n\n<div class=\"wp-block-column is-layout-flow wp-block-column-is-layout-flow\">\n<div class=\"gutenakitid-808b9dde-9c03-4db8-a59b-ede142aeaa4d  wp-block-group is-style-hover-bg has-tiny-plus-font-size has-global-padding is-layout-constrained wp-container-core-group-is-layout-21d5ddf1 wp-block-group-is-layout-constrained\" style=\"border-radius:15px;padding-top:var(--wp--preset--spacing--30);padding-right:var(--wp--preset--spacing--30);padding-bottom:var(--wp--preset--spacing--30);padding-left:var(--wp--preset--spacing--30)\">\n<div class=\"wp-block-columns is-not-stacked-on-mobile is-layout-flex wp-container-core-columns-is-layout-87beb0d0 wp-block-columns-is-layout-flex\">\n<div class=\"wp-block-column is-layout-flow wp-container-core-column-is-layout-8a368f38 wp-block-column-is-layout-flow\" style=\"flex-basis:66.66%\">\n<h3 class=\"wp-block-heading has-small-plus-font-size\" style=\"line-height:1.6\">Ksenia<\/h3>\n<\/div>\n<\/div>\n\n\n\n<p class=\"has-tiny-plus-font-size\">I'm the kind of person who always feels blocked from speaking a foreign language, and as a result the school system didn't bring me much progress. Learning with Kasia is completely different, it's not the standard vocabulary cramming, this language is really enjoyable to learn and above all I feel I'm not afraid to speak! \ud83d\ude42&nbsp;<\/p>\n<\/div>\n<\/div>\n<\/div>\n<\/div>\n<\/div>\n<\/div>\n\n\n\n<div class=\"wp-block-group alignwide has-global-padding is-layout-constrained wp-block-group-is-layout-constrained\" style=\"margin-top:0;margin-bottom:0;padding-top:0;padding-bottom:68px\">\n<div class=\"wp-block-columns alignwide is-layout-flex wp-container-core-columns-is-layout-28f84493 wp-block-columns-is-layout-flex\">\n<div class=\"wp-block-column is-layout-flow wp-container-core-column-is-layout-22223934 wp-block-column-is-layout-flow\">\n<div class=\"wp-block-columns is-layout-flex wp-container-core-columns-is-layout-e79a657b wp-block-columns-is-layout-flex\" style=\"padding-top:0\">\n<div class=\"wp-block-column is-layout-flow wp-block-column-is-layout-flow\">\n<div class=\"gutenakitid-bd102081-0e54-44bf-9087-01d9820f336e  wp-block-group is-style-hover-bg has-background has-tiny-plus-font-size has-global-padding is-layout-constrained wp-container-core-group-is-layout-21d5ddf1 wp-block-group-is-layout-constrained\" style=\"border-radius:15px;background-color:#acc4a7;padding-top:var(--wp--preset--spacing--30);padding-right:var(--wp--preset--spacing--30);padding-bottom:var(--wp--preset--spacing--30);padding-left:var(--wp--preset--spacing--30)\">\n<div class=\"wp-block-columns is-not-stacked-on-mobile is-layout-flex wp-container-core-columns-is-layout-87beb0d0 wp-block-columns-is-layout-flex\">\n<div class=\"wp-block-column is-layout-flow wp-container-core-column-is-layout-8a368f38 wp-block-column-is-layout-flow\" style=\"flex-basis:66.66%\">\n<h3 class=\"wp-block-heading has-small-plus-font-size\" style=\"line-height:1.6\">Kinga<\/h3>\n<\/div>\n<\/div>\n\n\n\n<p class=\"has-tiny-plus-font-size\">I recommend classes with Kasia! What I appreciate most about learning with her is the INDIVIDUAL APPROACH. Kasia catches what causes me difficulties on the fly and deals with those difficulties quickly.  Our classes seem to be no longer just lessons, but also weekly meetings over tea and conversations with a good friend, the difference being that it is in Spanish \ud83d\ude42 .<\/p>\n<\/div>\n<\/div>\n\n\n\n<div class=\"wp-block-column is-layout-flow wp-block-column-is-layout-flow\">\n<div class=\"gutenakitid-3ae0ea60-ea5d-41ea-a10b-ae2ba7659010  wp-block-group is-style-hover-bg has-background-background-color has-background has-global-padding is-layout-constrained wp-container-core-group-is-layout-21d5ddf1 wp-block-group-is-layout-constrained\" style=\"border-radius:15px;padding-top:var(--wp--preset--spacing--30);padding-right:var(--wp--preset--spacing--30);padding-bottom:var(--wp--preset--spacing--30);padding-left:var(--wp--preset--spacing--30)\">\n<div class=\"wp-block-columns is-not-stacked-on-mobile is-layout-flex wp-container-core-columns-is-layout-4fa2f3cb wp-block-columns-is-layout-flex\" style=\"margin-bottom:0px\">\n<div class=\"wp-block-column is-layout-flow wp-container-core-column-is-layout-8a368f38 wp-block-column-is-layout-flow\" style=\"flex-basis:66.66%\">\n<h3 class=\"wp-block-heading has-small-plus-font-size\" style=\"line-height:1.6\">Weronika<\/h3>\n<\/div>\n<\/div>\n\n\n\n<p class=\"has-tiny-plus-font-size\">I have been learning Spanish with Kasia for about 2 months now and I enjoy the classes very much. Kasia is very knowledgeable and tells interesting tidbits of language. Her example shows that with enough effort you can learn to speak and work fluently in Spanish, which motivates me. Highly recommended! \ud83d\ude42<\/p>\n<\/div>\n<\/div>\n\n\n\n<div class=\"wp-block-column is-layout-flow wp-block-column-is-layout-flow\">\n<div class=\"gutenakitid-16c28be7-f3a1-4c2c-b0e1-74f96293158e  wp-block-group is-style-hover-bg has-tiny-plus-font-size has-global-padding is-layout-constrained wp-container-core-group-is-layout-21d5ddf1 wp-block-group-is-layout-constrained\" style=\"border-radius:15px;padding-top:var(--wp--preset--spacing--30);padding-right:var(--wp--preset--spacing--30);padding-bottom:var(--wp--preset--spacing--30);padding-left:var(--wp--preset--spacing--30)\">\n<div class=\"wp-block-columns is-not-stacked-on-mobile is-layout-flex wp-container-core-columns-is-layout-87beb0d0 wp-block-columns-is-layout-flex\">\n<div class=\"wp-block-column is-layout-flow wp-container-core-column-is-layout-8a368f38 wp-block-column-is-layout-flow\" style=\"flex-basis:66.66%\">\n<h3 class=\"wp-block-heading has-small-plus-font-size\" style=\"line-height:1.6\">Angelina<\/h3>\n<\/div>\n<\/div>\n\n\n\n<p class=\"has-tiny-plus-font-size\">From week to week I look forward to Kasia's classes, they fill me with lots of energy, joy and motivation!  I don't feel a language barrier at all in the lessons \ud83d\ude42 The only thing I miss in the lessons...is the time! Ideally, the lesson would last 2x longer, because the time passes so well. And the most important thing is that I can really feel the progression and the motivation only grows \ud83d\ude42 .<\/p>\n<\/div>\n<\/div>\n<\/div>\n<\/div>\n<\/div>\n<\/div>\n\n\n\n<div class=\"wp-block-group alignwide has-global-padding is-layout-constrained wp-block-group-is-layout-constrained\" style=\"margin-top:0;margin-bottom:0;padding-top:0;padding-bottom:160px\">\n<div class=\"wp-block-columns alignwide is-layout-flex wp-container-core-columns-is-layout-28f84493 wp-block-columns-is-layout-flex\">\n<div class=\"wp-block-column is-layout-flow wp-container-core-column-is-layout-22223934 wp-block-column-is-layout-flow\">\n<div class=\"wp-block-columns is-layout-flex wp-container-core-columns-is-layout-e79a657b wp-block-columns-is-layout-flex\" style=\"padding-top:0\">\n<div class=\"wp-block-column is-layout-flow wp-block-column-is-layout-flow\">\n<div class=\"gutenakitid-e424523f-6dcc-460a-91e4-bac0bfe1645f  wp-block-group is-style-hover-bg has-body-alt-background-color has-background has-tiny-plus-font-size has-global-padding is-layout-constrained wp-container-core-group-is-layout-21d5ddf1 wp-block-group-is-layout-constrained\" style=\"border-radius:15px;padding-top:var(--wp--preset--spacing--30);padding-right:var(--wp--preset--spacing--30);padding-bottom:var(--wp--preset--spacing--30);padding-left:var(--wp--preset--spacing--30)\">\n<div class=\"wp-block-columns is-not-stacked-on-mobile is-layout-flex wp-container-core-columns-is-layout-87beb0d0 wp-block-columns-is-layout-flex\">\n<div class=\"wp-block-column is-layout-flow wp-container-core-column-is-layout-8a368f38 wp-block-column-is-layout-flow\" style=\"flex-basis:66.66%\">\n<h3 class=\"wp-block-heading has-small-plus-font-size\" style=\"line-height:1.6\">Klaudia<\/h3>\n<\/div>\n<\/div>\n\n\n\n<p class=\"has-tiny-plus-font-size\">Commitment and openness to the needs of the student are two qualities that make Kasia a great Spanish teacher. The features of our classes that I really appreciate are: <strong>language is a tool that serves us<\/strong>. We don't have to wait for a lesson entitled. \u2018sports activities\u2019 to say that we play volleyball after work. From the beginning, we use vocabulary that is useful on a daily basis. <strong>Atmosphere<\/strong> - is relaxed and friendly. We don't come to class to hammer out grammar or subject vocabulary. <strong>Rather, we play with the language and use it<\/strong>.This is very important, especially if one does not have the opportunity to interact with Spanish on a daily basis.<\/p>\n<\/div>\n<\/div>\n\n\n\n<div class=\"wp-block-column is-layout-flow wp-block-column-is-layout-flow\">\n<div class=\"gutenakitid-0091cadf-e87d-4e88-b2b4-80d96b510f29  wp-block-group is-style-hover-bg has-background has-global-padding is-layout-constrained wp-container-core-group-is-layout-21d5ddf1 wp-block-group-is-layout-constrained\" style=\"border-radius:15px;background-color:#fbf7ec;padding-top:var(--wp--preset--spacing--30);padding-right:var(--wp--preset--spacing--30);padding-bottom:var(--wp--preset--spacing--30);padding-left:var(--wp--preset--spacing--30)\">\n<div class=\"wp-block-columns is-not-stacked-on-mobile is-layout-flex wp-container-core-columns-is-layout-4fa2f3cb wp-block-columns-is-layout-flex\" style=\"margin-bottom:0px\">\n<div class=\"wp-block-column is-layout-flow wp-container-core-column-is-layout-8a368f38 wp-block-column-is-layout-flow\" style=\"flex-basis:66.66%\">\n<h3 class=\"wp-block-heading has-small-plus-font-size\" style=\"line-height:1.6\">Natalia<\/h3>\n<\/div>\n<\/div>\n\n\n\n<p class=\"has-tiny-plus-font-size\"><strong>The Spanish classes are sensational!<\/strong> The approach to teaching makes learning a pleasure. There is an incredibly pleasant atmosphere in the classes which encourages active participation. Teaching methods are innovative and require full commitment. The use of a variety of interactive exercises, interesting materials and 'real life' topics, makes the lessons dynamic and interesting. I am glad that there is no room for boredom! Kasia knows how to get us interested in Spanish in a way that makes us want to learn more and more. She explains all the issues clearly and patiently, and her individual approach to the students allows them the freedom to use the language. \u00a1Merece la pena!<\/p>\n<\/div>\n<\/div>\n\n\n\n<div class=\"wp-block-column is-layout-flow wp-block-column-is-layout-flow\">\n<div class=\"gutenakitid-7cc58971-0ab2-4e93-8adf-ab103beafaf6  wp-block-group is-style-hover-bg has-tiny-plus-font-size has-global-padding is-layout-constrained wp-container-core-group-is-layout-21d5ddf1 wp-block-group-is-layout-constrained\" style=\"border-radius:15px;padding-top:var(--wp--preset--spacing--30);padding-right:var(--wp--preset--spacing--30);padding-bottom:var(--wp--preset--spacing--30);padding-left:var(--wp--preset--spacing--30)\">\n<div class=\"wp-block-columns is-not-stacked-on-mobile is-layout-flex wp-container-core-columns-is-layout-87beb0d0 wp-block-columns-is-layout-flex\">\n<div class=\"wp-block-column is-layout-flow wp-container-core-column-is-layout-8a368f38 wp-block-column-is-layout-flow\" style=\"flex-basis:66.66%\">\n<h3 class=\"wp-block-heading has-small-plus-font-size\" style=\"line-height:1.6\">Magda <\/h3>\n<\/div>\n<\/div>\n\n\n\n<p class=\"has-tiny-plus-font-size\">I highly recommend the classes with Kasia! There is no question of boredom, the classes are very attractive, without pressure and stress, but also substantive - also the best combination. Personally, I like her method of working very much, I learned a lot more than typically from textbooks - especially when it comes to breaking the speaking barrier.<\/p>\n<\/div>\n<\/div>\n<\/div>\n<\/div>\n<\/div>\n<\/div>","protected":false},"excerpt":{"rendered":"<p>OPINIE S\u0141OWA MOICH UCZNI\u00d3W Natalia Nauk\u0119 hiszpa\u0144skiego z Kasi\u0105 zacz\u0119\u0142am od podstaw, b\u0119d\u0105c ju\u017c po 30-tce. Moim celem by\u0142o opanowa\u0107 j\u0119zyk na tyle, aby swobodnie porozumiewa\u0107 si\u0119 podczas podr\u00f3\u017cy po krajach hiszpa\u0144skoj\u0119zycznych. Dzi\u0119ki jej kreatywnemu podej\u015bciu i niestandardowym metodom nauczania, m.in. mapie emocji czy storytellingu, ju\u017c po oko\u0142o 80 godzinach nauki osi\u0105gn\u0119\u0142am ten cel. Wsp\u00f3\u0142prac\u0119 [&hellip;]<\/p>\n","protected":false},"author":1,"featured_media":0,"parent":0,"menu_order":0,"comment_status":"closed","ping_status":"closed","template":"","meta":{"_eb_attr":"","_themeisle_gutenberg_block_has_review":false,"footnotes":""},"class_list":["post-93","page","type-page","status-publish","hentry"],"_links":{"self":[{"href":"https:\/\/organic-spanish.com\/en\/wp-json\/wp\/v2\/pages\/93","targetHints":{"allow":["GET"]}}],"collection":[{"href":"https:\/\/organic-spanish.com\/en\/wp-json\/wp\/v2\/pages"}],"about":[{"href":"https:\/\/organic-spanish.com\/en\/wp-json\/wp\/v2\/types\/page"}],"author":[{"embeddable":true,"href":"https:\/\/organic-spanish.com\/en\/wp-json\/wp\/v2\/users\/1"}],"replies":[{"embeddable":true,"href":"https:\/\/organic-spanish.com\/en\/wp-json\/wp\/v2\/comments?post=93"}],"version-history":[{"count":51,"href":"https:\/\/organic-spanish.com\/en\/wp-json\/wp\/v2\/pages\/93\/revisions"}],"predecessor-version":[{"id":611,"href":"https:\/\/organic-spanish.com\/en\/wp-json\/wp\/v2\/pages\/93\/revisions\/611"}],"wp:attachment":[{"href":"https:\/\/organic-spanish.com\/en\/wp-json\/wp\/v2\/media?parent=93"}],"curies":[{"name":"wp","href":"https:\/\/api.w.org\/{rel}","templated":true}]}}