{"id":89,"date":"2023-06-08T14:12:46","date_gmt":"2023-06-08T14:12:46","guid":{"rendered":"https:\/\/organic-spanish.com\/?page_id=89"},"modified":"2023-07-24T13:25:12","modified_gmt":"2023-07-24T13:25:12","slug":"o-mnie","status":"publish","type":"page","link":"https:\/\/organic-spanish.com\/en\/o-mnie\/","title":{"rendered":""},"content":{"rendered":"<div class=\"wp-block-group alignfull is-style-default has-text-color has-background pt__10 pb__11 is-vertical is-content-justification-center is-layout-flex wp-container-core-group-is-layout-251ca6d7 wp-block-group-is-layout-flex\" style=\"border-style:none;border-width:0px;border-radius:0px;color:#ffffff;background-color:#6e9b80;padding-top:30px;padding-right:30px;padding-bottom:30px;padding-left:30px\">\n<h2 class=\"wp-block-heading has-text-align-center\" style=\"font-size:clamp(2.2rem, 2.2rem + ((1vw - 0.2rem) * 2.25), 4rem);font-style:normal;font-weight:800\">\u00a1HOLA!<\/h2>\n<\/div>\n\n\n\n<div class=\"wp-block-columns alignwide are-vertically-aligned-center is-layout-flex wp-container-core-columns-is-layout-92d71c5b wp-block-columns-is-layout-flex\" style=\"margin-top:0;margin-bottom:0;padding-top:var(--wp--preset--spacing--70);padding-bottom:var(--wp--preset--spacing--70)\">\n<div class=\"wp-block-column is-vertically-aligned-center is-layout-flow wp-block-column-is-layout-flow\" style=\"flex-basis:50%\">\n<figure class=\"wp-block-image size-large\"><img loading=\"lazy\" decoding=\"async\" width=\"798\" height=\"1024\" src=\"https:\/\/organic-spanish.com\/wp-content\/uploads\/2023\/07\/DSCF1198-7-798x1024.jpg\" alt=\"\" class=\"wp-image-593\" srcset=\"https:\/\/organic-spanish.com\/wp-content\/uploads\/2023\/07\/DSCF1198-7-798x1024.jpg 798w, https:\/\/organic-spanish.com\/wp-content\/uploads\/2023\/07\/DSCF1198-7-234x300.jpg 234w, https:\/\/organic-spanish.com\/wp-content\/uploads\/2023\/07\/DSCF1198-7-768x986.jpg 768w, https:\/\/organic-spanish.com\/wp-content\/uploads\/2023\/07\/DSCF1198-7-1196x1536.jpg 1196w, https:\/\/organic-spanish.com\/wp-content\/uploads\/2023\/07\/DSCF1198-7.jpg 1595w\" sizes=\"auto, (max-width: 798px) 100vw, 798px\" \/><\/figure>\n<\/div>\n\n\n\n<div class=\"wp-block-column is-vertically-aligned-center is-layout-flow wp-block-column-is-layout-flow\" style=\"flex-basis:3%\"><\/div>\n\n\n\n<div class=\"wp-block-column is-vertically-aligned-center is-layout-flow wp-container-core-column-is-layout-22223934 wp-block-column-is-layout-flow\">\n<h2 class=\"wp-block-heading lemmony-animation lemmonyFadeInUp has-small-font-size lemmony-animation\" style=\"font-style:normal;font-weight:600;line-height:1.6;--lemmony-animation-name:lemmonyFadeInUp\">\u00a1Hola! <\/h2>\n\n\n\n<h6 class=\"wp-block-heading lemmony-animation lemmonyFadeInUp has-large-font-size lemmony-animation\" style=\"margin-top:var(--wp--preset--spacing--10);margin-bottom:var(--wp--preset--spacing--10);line-height:1.3;--lemmony-animation-name:lemmonyFadeInUp\">Kasia here. <\/h6>\n\n\n\n<p class=\"has-text-align-justify lemmony-animation lemmonyFadeInUp has-small-plus-font-size lemmony-animation\" style=\"--lemmony-animation-name:lemmonyFadeInUp\"><strong>Spanish has changed my life and has become a permanent part of it.<\/strong>.<\/p>\n\n\n\n<p class=\"has-tiny-font-size\">I live my daily life in this language. I work, think, speak, read and sometimes dream in Spanish. I lived for several years in Tenerife and in different places in Andalusia. I am currently looking for my place between Poland, mainland Spain and Tenerife.<\/p>\n\n\n\n<p class=\"has-tiny-font-size\">I have been teaching Spanish for several years according to <strong><a href=\"https:\/\/organic-spanish.com\/en\/metoda\/\">Language Acquisition Theory.<\/a><\/strong> I have acquired this language naturally and so today I want to offer others a similar experience.<\/p>\n\n\n\n<div class=\"wp-block-buttons is-layout-flex wp-block-buttons-is-layout-flex\" style=\"margin-top:var(--wp--preset--spacing--50)\">\n<div class=\"wp-block-button\"><a class=\"wp-block-button__link wp-element-button\" href=\"https:\/\/organic-spanish.com\/en\/metoda\/\">Method <\/a><\/div>\n<\/div>\n<\/div>\n<\/div>\n\n\n\n<div id=\"wp-block-themeisle-blocks-advanced-columns-a2946a77\" class=\"wp-block-themeisle-blocks-advanced-columns alignfull has-2-columns has-desktop-equal-layout has-tablet-equal-layout has-mobile-collapsedRows-layout has-vertical-center ticss-a2946a77 has-light-bg\"><div class=\"wp-block-themeisle-blocks-advanced-columns-overlay\"><\/div><div class=\"innerblocks-wrap\">\n<div id=\"wp-block-themeisle-blocks-advanced-column-92b2db05\" class=\"wp-block-themeisle-blocks-advanced-column\">\n<h2 class=\"wp-block-heading has-medium-font-size\">Organic Spanish<\/h2>\n\n\n\n<p class=\"has-link-color has-tiny-font-size wp-elements-f30d760f00a3f7a4c00f4a97fe93141f\">I received training from <strong><a href=\"https:\/\/helenecolinet.com\/\">H\u00e9l\u00e8ne Colinet<\/a>,<\/strong> in the only school in Spain <strong>TPRS- CI.<\/strong> In addition, I took part remotely in a training course <strong><a href=\"https:\/\/www.tprsbooks.com\/what-is-tprs\/\">TPRS 101 <\/a><\/strong>conducted in the United States by Von Ray, son of the creator of the TPRS method.<\/p>\n\n\n\n<p class=\"has-tiny-font-size\">In addition to these experiences, research and books on language acquisition have helped me become a better teacher.<\/p>\n\n\n\n<p class=\"has-tiny-font-size\"><strong>I am learning all the time, not only Spanish, but especially how to teach. <\/strong>I listen, read, analyse, ask, talk and gather experiences.<\/p>\n\n\n\n<p class=\"has-tiny-font-size\">I share my knowledge and experience because I want Spanish to become more and more your everyday language. I want you to get to know yourself even better by being able to experience the world in Spanish.&nbsp;<\/p>\n\n\n\n<h5 id=\"wp-block-themeisle-blocks-advanced-heading-1c5a570c\" class=\"wp-block-themeisle-blocks-advanced-heading wp-block-themeisle-blocks-advanced-heading-1c5a570c\"><strong><strong>Spanish can also change your life<\/strong><\/strong>.<\/h5>\n<\/div>\n\n\n\n<div id=\"wp-block-themeisle-blocks-advanced-column-bbddf55b\" class=\"wp-block-themeisle-blocks-advanced-column\">\n<figure class=\"wp-block-image aligncenter size-full\"><img loading=\"lazy\" decoding=\"async\" width=\"512\" height=\"512\" src=\"https:\/\/organic-spanish.com\/wp-content\/uploads\/2023\/07\/cropped-jako-1.png\" alt=\"\" class=\"wp-image-425\" srcset=\"https:\/\/organic-spanish.com\/wp-content\/uploads\/2023\/07\/cropped-jako-1.png 512w, https:\/\/organic-spanish.com\/wp-content\/uploads\/2023\/07\/cropped-jako-1-300x300.png 300w, https:\/\/organic-spanish.com\/wp-content\/uploads\/2023\/07\/cropped-jako-1-150x150.png 150w, https:\/\/organic-spanish.com\/wp-content\/uploads\/2023\/07\/cropped-jako-1-270x270.png 270w, https:\/\/organic-spanish.com\/wp-content\/uploads\/2023\/07\/cropped-jako-1-192x192.png 192w, https:\/\/organic-spanish.com\/wp-content\/uploads\/2023\/07\/cropped-jako-1-180x180.png 180w, https:\/\/organic-spanish.com\/wp-content\/uploads\/2023\/07\/cropped-jako-1-32x32.png 32w\" sizes=\"auto, (max-width: 512px) 100vw, 512px\" \/><\/figure>\n<\/div>\n<\/div><\/div>\n\n\n\n<div style=\"height:100px\" aria-hidden=\"true\" class=\"wp-block-spacer\"><\/div>","protected":false},"excerpt":{"rendered":"<p>\u00a1HOLA! \u00a1Hola! Tu Kasia. J\u0119zyk hiszpa\u0144ski zmieni\u0142 moje \u017cycie i sta\u0142 si\u0119 jego sta\u0142ym elementem. Na co dzie\u0144 \u017cyj\u0119 w tym j\u0119zyku. Pracuj\u0119, my\u015bl\u0119, m\u00f3wi\u0119, czytam i czasami \u015bni\u0119&nbsp; po hiszpa\u0144sku.&nbsp;Mieszka\u0142am kilka lat na Teneryfie oraz w r\u00f3\u017cnych miejscach w Andaluzji. Aktualnie szukam swojego miejsca pomi\u0119dzy Polsk\u0105, Hiszpani\u0105 kontynentaln\u0105 i Teneryf\u0105. Od kilku lat ucz\u0119 [&hellip;]<\/p>\n","protected":false},"author":1,"featured_media":0,"parent":0,"menu_order":0,"comment_status":"closed","ping_status":"closed","template":"","meta":{"_eb_attr":"","_themeisle_gutenberg_block_has_review":false,"footnotes":""},"class_list":["post-89","page","type-page","status-publish","hentry"],"_links":{"self":[{"href":"https:\/\/organic-spanish.com\/en\/wp-json\/wp\/v2\/pages\/89","targetHints":{"allow":["GET"]}}],"collection":[{"href":"https:\/\/organic-spanish.com\/en\/wp-json\/wp\/v2\/pages"}],"about":[{"href":"https:\/\/organic-spanish.com\/en\/wp-json\/wp\/v2\/types\/page"}],"author":[{"embeddable":true,"href":"https:\/\/organic-spanish.com\/en\/wp-json\/wp\/v2\/users\/1"}],"replies":[{"embeddable":true,"href":"https:\/\/organic-spanish.com\/en\/wp-json\/wp\/v2\/comments?post=89"}],"version-history":[{"count":41,"href":"https:\/\/organic-spanish.com\/en\/wp-json\/wp\/v2\/pages\/89\/revisions"}],"predecessor-version":[{"id":608,"href":"https:\/\/organic-spanish.com\/en\/wp-json\/wp\/v2\/pages\/89\/revisions\/608"}],"wp:attachment":[{"href":"https:\/\/organic-spanish.com\/en\/wp-json\/wp\/v2\/media?parent=89"}],"curies":[{"name":"wp","href":"https:\/\/api.w.org\/{rel}","templated":true}]}}