{"id":173,"date":"2023-06-26T13:28:41","date_gmt":"2023-06-26T13:28:41","guid":{"rendered":"https:\/\/organic-spanish.com\/?page_id=173"},"modified":"2024-05-02T07:49:57","modified_gmt":"2024-05-02T07:49:57","slug":"kontakt","status":"publish","type":"page","link":"https:\/\/organic-spanish.com\/en\/kontakt\/","title":{"rendered":""},"content":{"rendered":"\n<div class=\"wp-block-group alignfull is-style-default has-text-color has-background is-vertical is-content-justification-center is-layout-flex wp-container-core-group-is-layout-2e85f5ab wp-block-group-is-layout-flex\" style=\"border-width:22px;border-radius:0px;color:#ffffff;background-color:#6e9b80;padding-top:29px;padding-right:29px;padding-bottom:29px;padding-left:29px\">\n<h2 class=\"wp-block-heading has-text-align-center\" style=\"font-size:clamp(1.79rem, 1.79rem + ((1vw - 0.2rem) * 1.638), 3.1rem);font-style:normal;font-weight:800\">KONTAKT<\/h2>\n<\/div>\n\n\n\n<p>Je\u015bli chcesz um\u00f3wi\u0107 si\u0119 na zaj\u0119cia lub masz jakie\u015b pytania &#8211; napisz!<\/p>\n\n\n\n<p><\/p>\n\n\n\n<div class=\"wp-block-columns is-layout-flex wp-container-core-columns-is-layout-28f84493 wp-block-columns-is-layout-flex\">\n<div class=\"wp-block-column is-layout-flow wp-block-column-is-layout-flow\">\n<figure class=\"wp-block-image size-large\"><img loading=\"lazy\" decoding=\"async\" width=\"576\" height=\"1024\" src=\"https:\/\/organic-spanish.com\/wp-content\/uploads\/2023\/07\/Napisz-576x1024.jpg\" alt=\"\" class=\"wp-image-292\" srcset=\"https:\/\/organic-spanish.com\/wp-content\/uploads\/2023\/07\/Napisz-576x1024.jpg 576w, https:\/\/organic-spanish.com\/wp-content\/uploads\/2023\/07\/Napisz-169x300.jpg 169w, https:\/\/organic-spanish.com\/wp-content\/uploads\/2023\/07\/Napisz-768x1365.jpg 768w, https:\/\/organic-spanish.com\/wp-content\/uploads\/2023\/07\/Napisz-864x1536.jpg 864w, https:\/\/organic-spanish.com\/wp-content\/uploads\/2023\/07\/Napisz.jpg 1080w\" sizes=\"auto, (max-width: 576px) 100vw, 576px\" \/><\/figure>\n<\/div>\n\n\n\n<div class=\"wp-block-column is-layout-flow wp-block-column-is-layout-flow\"><div class=\"wpforms-container wpforms-container-full wpforms-block wpforms-block-77da0d92-f400-40fe-a1d4-5f65c4ad5c1b wpforms-render-modern\" id=\"wpforms-647\"><form id=\"wpforms-form-647\" class=\"wpforms-validate wpforms-form wpforms-ajax-form\" data-formid=\"647\" method=\"post\" enctype=\"multipart\/form-data\" action=\"\/en\/wp-json\/wp\/v2\/pages\/173\" data-token=\"f19389d94f8abbc3bcf56a24ec1cd0fe\" data-token-time=\"1775239673\"><noscript class=\"wpforms-error-noscript\">Please enable JavaScript in your browser to complete this form.<\/noscript><div id=\"wpforms-error-noscript\" style=\"display: none;\">Please enable JavaScript in your browser to complete this form.<\/div><div class=\"wpforms-field-container\"><div id=\"wpforms-647-field_0-container\" class=\"wpforms-field wpforms-field-name\" data-field-id=\"0\"><label class=\"wpforms-field-label\" for=\"wpforms-647-field_0\">Imi\u0119 <span class=\"wpforms-required-label\" aria-hidden=\"true\">*<\/span><\/label><input type=\"text\" id=\"wpforms-647-field_0\" class=\"wpforms-field-medium wpforms-field-required\" name=\"wpforms[fields][0]\" aria-errormessage=\"wpforms-647-field_0-error\" required><\/div><div id=\"wpforms-647-field_1-container\" class=\"wpforms-field wpforms-field-email\" data-field-id=\"1\"><label class=\"wpforms-field-label\" for=\"wpforms-647-field_1\">E-mail <span class=\"wpforms-required-label\" aria-hidden=\"true\">*<\/span><\/label><input type=\"email\" id=\"wpforms-647-field_1\" class=\"wpforms-field-medium wpforms-field-required\" name=\"wpforms[fields][1]\" spellcheck=\"false\" aria-errormessage=\"wpforms-647-field_1-error\" required><\/div><div id=\"wpforms-647-field_2-container\" class=\"wpforms-field wpforms-field-textarea\" data-field-id=\"2\"><label class=\"wpforms-field-label\" for=\"wpforms-647-field_2\">Wiadomo\u015b\u0107 <\/label><textarea id=\"wpforms-647-field_2\" class=\"wpforms-field-medium\" name=\"wpforms[fields][2]\" aria-errormessage=\"wpforms-647-field_2-error\" ><\/textarea><\/div><\/div><!-- .wpforms-field-container --><div class=\"wpforms-recaptcha-container wpforms-is-recaptcha wpforms-is-recaptcha-type-v2\" ><div class=\"g-recaptcha\" data-sitekey=\"6Ld6YLspAAAAACu1eiNYnp-NQifPksAG4UDkdBLz\"><\/div><input type=\"text\" name=\"g-recaptcha-hidden\" class=\"wpforms-recaptcha-hidden\" style=\"position:absolute!important;clip:rect(0,0,0,0)!important;height:1px!important;width:1px!important;border:0!important;overflow:hidden!important;padding:0!important;margin:0!important;\" data-rule-recaptcha=\"1\"><\/div><div class=\"wpforms-submit-container\" ><input type=\"hidden\" name=\"wpforms[id]\" value=\"647\"><input type=\"hidden\" name=\"page_title\" value=\"\"><input type=\"hidden\" name=\"page_url\" value=\"https:\/\/organic-spanish.com\/en\/wp-json\/wp\/v2\/pages\/173\"><input type=\"hidden\" name=\"url_referer\" value=\"\"><button type=\"submit\" name=\"wpforms[submit]\" id=\"wpforms-submit-647\" class=\"wpforms-submit\" data-alt-text=\"Wysy\u0142anie\" data-submit-text=\"Wy\u015blij\" aria-live=\"assertive\" value=\"wpforms-submit\">Wy\u015blij<\/button><img loading=\"lazy\" decoding=\"async\" src=\"https:\/\/organic-spanish.com\/wp-content\/plugins\/wpforms-lite\/assets\/images\/submit-spin.svg\" class=\"wpforms-submit-spinner\" style=\"display: none;\" width=\"26\" height=\"26\" alt=\"Loading\"><\/div><\/form><\/div>  <!-- .wpforms-container --><\/div>\n<\/div>\n\n\n\n<div id=\"wp-block-themeisle-blocks-advanced-columns-40db0924\" class=\"wp-block-themeisle-blocks-advanced-columns alignfull has-1-columns has-desktop-equal-layout has-tablet-equal-layout has-mobile-equal-layout has-vertical-top ticss-c00aadba\"><div class=\"wp-block-themeisle-blocks-advanced-columns-overlay\"><\/div><div class=\"innerblocks-wrap\">\n<div id=\"wp-block-themeisle-blocks-advanced-column-f5b77531\" class=\"wp-block-themeisle-blocks-advanced-column\">\n<div class=\"wp-block-group alignwide pt__5 pl__5 has-global-padding is-content-justification-center is-layout-constrained wp-container-core-group-is-layout-b1427afb wp-block-group-is-layout-constrained\" style=\"padding-top:var(--wp--preset--spacing--70);padding-bottom:var(--wp--preset--spacing--70)\">\n<div class=\"wp-block-columns alignwide is-layout-flex wp-container-core-columns-is-layout-e79a657b wp-block-columns-is-layout-flex\" style=\"padding-top:0\">\n<div class=\"wp-block-column is-layout-flow wp-block-column-is-layout-flow\">\n<div class=\"wp-block-columns is-layout-flex wp-container-core-columns-is-layout-28232c24 wp-block-columns-is-layout-flex\">\n<div class=\"wp-block-column is-layout-flow wp-block-column-is-layout-flow\" style=\"flex-basis:5%\"><\/div>\n\n\n\n<div class=\"wp-block-column is-layout-flow wp-block-column-is-layout-flow\">\n<div class=\"wp-block-group lemmony-fadein-bottom lemmony-delay-1 has-global-padding is-layout-constrained wp-container-core-group-is-layout-85ea6b59 wp-block-group-is-layout-constrained\" style=\"padding-top:0;padding-right:0;padding-bottom:0;padding-left:0\">\n<div class=\"wp-block-lemmony-companion-icon aligncenter lemmony-animation lemmonyFadeInDown lemmony-animation\" style=\"font-size:clamp(27.894px, 1.743rem + ((1vw - 3.2px) * 1.571), 48px);--lemmony-animation-name:lemmonyFadeInDown\"><div class=\"lemmony-icon-wrapper\"><svg xmlns=\"http:\/\/www.w3.org\/2000\/svg\" viewBox=\"0 0 32 32\" data-reactroot=\"\"><path d=\"M25.5,27.5h-19c-2.757,0-5-2.333-5-5.2V9.7c0-2.867,2.243-5.2,5-5.2h19c2.757,0,5,2.333,5,5.2v12.6 C30.5,25.167,28.257,27.5,25.5,27.5z M6.5,6.5c-1.654,0-3,1.436-3,3.2v12.6c0,1.765,1.346,3.2,3,3.2h19c1.654,0,3-1.436,3-3.2V9.7 c0-1.765-1.346-3.2-3-3.2H6.5z M16,20.7c-1.167,0-2.333-0.343-3.352-1.027l-5.96-4.015c-0.458-0.309-0.579-0.93-0.271-1.388 c0.309-0.458,0.929-0.579,1.388-0.271l5.96,4.015c1.357,0.912,3.112,0.912,4.469,0l5.961-4.015c0.456-0.308,1.08-0.187,1.388,0.271 c0.309,0.458,0.188,1.08-0.271,1.388l-5.961,4.014C18.334,20.358,17.167,20.7,16,20.7z\"><\/path><\/svg><\/div><\/div>\n\n\n\n<h2 class=\"wp-block-heading has-text-align-center has-medium-font-size\" style=\"font-style:normal;font-weight:700;line-height:1.4\">E- mail<\/h2>\n\n\n\n<p class=\"has-text-align-center has-small-font-size\" style=\"font-style:normal;font-weight:600;text-decoration:underline\">info.organicspanish@gmail.com<\/p>\n<\/div>\n<\/div>\n\n\n\n<div class=\"wp-block-column is-layout-flow wp-block-column-is-layout-flow\" style=\"flex-basis:5%\"><\/div>\n<\/div>\n<\/div>\n\n\n\n<div class=\"wp-block-column is-layout-flow wp-block-column-is-layout-flow\">\n<div class=\"wp-block-columns is-layout-flex wp-container-core-columns-is-layout-28232c24 wp-block-columns-is-layout-flex\">\n<div class=\"wp-block-column is-layout-flow wp-block-column-is-layout-flow\" style=\"flex-basis:5%\"><\/div>\n\n\n\n<div class=\"wp-block-column is-layout-flow wp-block-column-is-layout-flow\">\n<div class=\"wp-block-group lemmony-fadein-bottom lemmony-delay-1 has-global-padding is-layout-constrained wp-container-core-group-is-layout-85ea6b59 wp-block-group-is-layout-constrained\" style=\"padding-top:0;padding-right:0;padding-bottom:0;padding-left:0\">\n<div class=\"wp-block-lemmony-companion-icon aligncenter lemmony-animation lemmonyFadeInDown lemmony-animation\" style=\"font-size:clamp(27.894px, 1.743rem + ((1vw - 3.2px) * 1.571), 48px);--lemmony-animation-name:lemmonyFadeInDown;animation-delay:var(--lemmony-delay-small)\"><div class=\"lemmony-icon-wrapper\"><svg xmlns=\"http:\/\/www.w3.org\/2000\/svg\" viewBox=\"0 0 32 32\" data-reactroot=\"\"><path d=\"M23.328,30.498c-0.827,0-1.659-0.233-2.385-0.712c-3.759-2.282-7.294-5.062-10.476-8.244 c-3.176-3.176-5.959-6.713-8.272-10.513C1.084,9.341,1.321,7.038,2.778,5.581l2.803-2.803c1.701-1.7,4.466-1.7,6.166,0l2.803,2.803 c1.7,1.7,1.7,4.465,0,6.165l0,0c-0.712,0.713-0.746,1.848-0.075,2.584c0.505,0.556,1.027,1.103,1.564,1.64 c0.538,0.538,1.084,1.059,1.641,1.565c0.735,0.669,1.87,0.638,2.583-0.076c1.7-1.7,4.468-1.7,6.166,0l2.795,2.796 c0.823,0.823,1.277,1.918,1.277,3.082s-0.453,2.26-1.277,3.083l-2.803,2.803C25.58,30.063,24.457,30.498,23.328,30.498z M8.664,3.502c-0.604,0-1.209,0.23-1.669,0.69L4.192,6.995C3.403,7.784,3.274,9.03,3.885,9.959 c2.249,3.694,4.934,7.105,7.997,10.169c3.069,3.068,6.478,5.749,10.131,7.969c0.959,0.631,2.205,0.5,2.994-0.288l2.803-2.803 c0.446-0.446,0.691-1.039,0.691-1.669s-0.245-1.223-0.691-1.668l-2.795-2.796c-0.92-0.92-2.418-0.92-3.338,0 c-1.467,1.47-3.815,1.531-5.343,0.141c-0.58-0.526-1.149-1.069-1.709-1.63c-0.559-0.559-1.102-1.128-1.629-1.708 c-1.39-1.527-1.328-3.875,0.141-5.344l0,0c0.92-0.92,0.92-2.417,0-3.337l-2.803-2.803C9.873,3.732,9.268,3.502,8.664,3.502z\"><\/path><\/svg><\/div><\/div>\n\n\n\n<h2 class=\"wp-block-heading has-text-align-center has-medium-font-size\" style=\"font-style:normal;font-weight:700;line-height:1.4\">WhatsApp<\/h2>\n\n\n\n<p class=\"has-text-align-center has-small-font-size\" style=\"font-style:normal;font-weight:600;text-decoration:underline\">+48 532 016 783 <\/p>\n<\/div>\n<\/div>\n\n\n\n<div class=\"wp-block-column is-layout-flow wp-block-column-is-layout-flow\" style=\"flex-basis:5%\"><\/div>\n<\/div>\n<\/div>\n<\/div>\n<\/div>\n<\/div>\n<\/div><\/div>\n","protected":false},"excerpt":{"rendered":"<p>KONTAKT Je\u015bli chcesz um\u00f3wi\u0107 si\u0119 na zaj\u0119cia lub masz jakie\u015b pytania &#8211; napisz!<\/p>","protected":false},"author":1,"featured_media":0,"parent":0,"menu_order":0,"comment_status":"closed","ping_status":"closed","template":"","meta":{"_eb_attr":"","_themeisle_gutenberg_block_has_review":false,"footnotes":""},"class_list":["post-173","page","type-page","status-publish","hentry"],"_links":{"self":[{"href":"https:\/\/organic-spanish.com\/en\/wp-json\/wp\/v2\/pages\/173","targetHints":{"allow":["GET"]}}],"collection":[{"href":"https:\/\/organic-spanish.com\/en\/wp-json\/wp\/v2\/pages"}],"about":[{"href":"https:\/\/organic-spanish.com\/en\/wp-json\/wp\/v2\/types\/page"}],"author":[{"embeddable":true,"href":"https:\/\/organic-spanish.com\/en\/wp-json\/wp\/v2\/users\/1"}],"replies":[{"embeddable":true,"href":"https:\/\/organic-spanish.com\/en\/wp-json\/wp\/v2\/comments?post=173"}],"version-history":[{"count":15,"href":"https:\/\/organic-spanish.com\/en\/wp-json\/wp\/v2\/pages\/173\/revisions"}],"predecessor-version":[{"id":677,"href":"https:\/\/organic-spanish.com\/en\/wp-json\/wp\/v2\/pages\/173\/revisions\/677"}],"wp:attachment":[{"href":"https:\/\/organic-spanish.com\/en\/wp-json\/wp\/v2\/media?parent=173"}],"curies":[{"name":"wp","href":"https:\/\/api.w.org\/{rel}","templated":true}]}}